{"id":29077,"date":"2018-09-14T19:20:27","date_gmt":"2018-09-14T17:20:27","guid":{"rendered":"http:\/\/flgstudionum.com\/?page_id=29077"},"modified":"2018-10-12T15:50:25","modified_gmt":"2018-10-12T13:50:25","slug":"tarifs","status":"publish","type":"page","link":"https:\/\/flgstudionum.com\/index.php\/tarifs\/","title":{"rendered":"Tarifs"},"content":{"rendered":"<p>[et_pb_section fb_built=\u00a0\u00bb1&Prime; _builder_version=\u00a0\u00bb3.14&Prime;][et_pb_row _builder_version=\u00a0\u00bb3.14&Prime;][et_pb_column type=\u00a0\u00bb4_4&Prime; _builder_version=\u00a0\u00bb3.14&Prime; parallax=\u00a0\u00bboff\u00a0\u00bb parallax_method=\u00a0\u00bbon\u00a0\u00bb][et_pb_text _builder_version=\u00a0\u00bb3.14&Prime; text_font=\u00a0\u00bbArizonia||||||||\u00a0\u00bb text_text_color=\u00a0\u00bb#0c1239&Prime; text_font_size=\u00a0\u00bb100px\u00a0\u00bb text_text_shadow_style=\u00a0\u00bbpreset3&Prime; text_orientation=\u00a0\u00bbcenter\u00a0\u00bb]<\/p>\n<p style=\"text-align: center;\">Nos Tarifs<\/p>\n<p>[\/et_pb_text][\/et_pb_column][\/et_pb_row][\/et_pb_section][et_pb_section fb_built=\u00a0\u00bb1&Prime; _builder_version=\u00a0\u00bb3.14&Prime; background_color=\u00a0\u00bb#eaeaea\u00a0\u00bb][et_pb_row _builder_version=\u00a0\u00bb3.14&Prime;][et_pb_column type=\u00a0\u00bb4_4&Prime; _builder_version=\u00a0\u00bb3.14&Prime; parallax=\u00a0\u00bboff\u00a0\u00bb parallax_method=\u00a0\u00bbon\u00a0\u00bb][et_pb_text _builder_version=\u00a0\u00bb3.14&Prime; inline_fonts=\u00a0\u00bbArizonia\u00a0\u00bb]<\/p>\n<h2 style=\"text-align: center;\"><span style=\"font-weight: normal; color: #0c1239;\"><span style=\"font-family: Arizonia;\">Il est vrai qu&rsquo;un mariage est souvent une grosse d\u00e9pense, c&rsquo;est pour cela que nous proposons plusieurs prestations. <\/span><\/span><\/h2>\n<h2 style=\"text-align: center;\"><span style=\"font-weight: normal; color: #0c1239;\"><span style=\"font-family: Arizonia;\">Les tarifs sont diff\u00e9rents mais la base est la m\u00eame, nous ne faisons pas de diff\u00e9rence dans le traitement des images ou dans l&rsquo;approche du mariage, seul la dur\u00e9e du film et les prestations de livraisons sont diff\u00e9rentes.<\/span><\/span><\/h2>\n<p>[\/et_pb_text][\/et_pb_column][\/et_pb_row][\/et_pb_section][et_pb_section fb_built=\u00a0\u00bb1&Prime; _builder_version=\u00a0\u00bb3.14&Prime;][et_pb_row _builder_version=\u00a0\u00bb3.14&Prime;][et_pb_column type=\u00a0\u00bb4_4&Prime; _builder_version=\u00a0\u00bb3.14&Prime; parallax=\u00a0\u00bboff\u00a0\u00bb parallax_method=\u00a0\u00bbon\u00a0\u00bb][et_pb_pricing_tables header_background_color=\u00a0\u00bb#0c1239&Prime; show_bullet=\u00a0\u00bboff\u00a0\u00bb _builder_version=\u00a0\u00bb3.14&Prime; header_level=\u00a0\u00bbh1&Prime; header_font=\u00a0\u00bbArizonia||||||||\u00a0\u00bb header_text_color=\u00a0\u00bb#ffffff\u00a0\u00bb body_font=\u00a0\u00bbArizonia||||||||\u00a0\u00bb body_font_size=\u00a0\u00bb32px\u00a0\u00bb body_line_height=\u00a0\u00bb23px\u00a0\u00bb subheader_font=\u00a0\u00bbArizonia||||||||\u00a0\u00bb subheader_text_color=\u00a0\u00bb#ffffff\u00a0\u00bb currency_frequency_font=\u00a0\u00bbArizonia||||||||\u00a0\u00bb currency_frequency_text_color=\u00a0\u00bb#0c1239&Prime; currency_frequency_font_size=\u00a0\u00bb44px\u00a0\u00bb currency_frequency_line_height=\u00a0\u00bb1.2em\u00a0\u00bb price_font=\u00a0\u00bbArizonia||||||||\u00a0\u00bb price_text_align=\u00a0\u00bbcenter\u00a0\u00bb price_text_color=\u00a0\u00bb#0c1239&Prime; border_color_all=\u00a0\u00bb#0c1239&Prime; custom_margin=\u00a0\u00bb|||\u00a0\u00bb][et_pb_pricing_table title=\u00a0\u00bbArgent\u00a0\u00bb currency=\u00a0\u00bb\u20ac\u00a0\u00bb sum=\u00a0\u00bb1400&Prime; _builder_version=\u00a0\u00bb3.14&Prime; body_text_color=\u00a0\u00bb#0c1239&Prime;]Film de 7 \u00e0 14 minutes<\/p>\n<p>Diffusion internet et t\u00e9l\u00e9chargement<\/p>\n<p>Livraison en 2 mois<br \/>\n[\/et_pb_pricing_table][et_pb_pricing_table featured=\u00a0\u00bbon\u00a0\u00bb title=\u00a0\u00bbOr\u00a0\u00bb currency=\u00a0\u00bb\u20ac\u00a0\u00bb sum=\u00a0\u00bb1800&Prime; _builder_version=\u00a0\u00bb3.14&Prime; body_text_color=\u00a0\u00bb#0c1239&Prime;]Film de 15 \u00e0 30 minutes ( en moyenne 25min )<br \/>\nDiffusion internet et t\u00e9l\u00e9chargement<\/p>\n<p>2 coffrets USB<\/p>\n<p>Livraison en 2 mois<br \/>\n[\/et_pb_pricing_table][et_pb_pricing_table title=\u00a0\u00bbPlatine\u00a0\u00bb currency=\u00a0\u00bb\u20ac\u00a0\u00bb sum=\u00a0\u00bb2200&Prime; _builder_version=\u00a0\u00bb3.14&Prime; body_text_color=\u00a0\u00bb#0c1239&Prime;]Film de 15 \u00e0 30 minutes<br \/>\nDiffusion internet et t\u00e9l\u00e9chargement<\/p>\n<p>Survol en drone (hors agglom\u00e9ration)<\/p>\n<p>4 coffrets USB<\/p>\n<p>Livraison en 2 mois<br \/>\n[\/et_pb_pricing_table][\/et_pb_pricing_tables][\/et_pb_column][\/et_pb_row][\/et_pb_section][et_pb_section fb_built=\u00a0\u00bb1&Prime; _builder_version=\u00a0\u00bb3.14&Prime;][et_pb_row _builder_version=\u00a0\u00bb3.14&Prime;][et_pb_column type=\u00a0\u00bb4_4&Prime; _builder_version=\u00a0\u00bb3.14&Prime; parallax=\u00a0\u00bboff\u00a0\u00bb parallax_method=\u00a0\u00bbon\u00a0\u00bb][et_pb_text _builder_version=\u00a0\u00bb3.14&Prime; inline_fonts=\u00a0\u00bbArizonia\u00a0\u00bb]<\/p>\n<h2 style=\"text-align: center;\"><span style=\"font-weight: normal; color: #0c1239;\"><span style=\"font-family: Arizonia;\">Pour chaque prestation nous prenons le temps de venir vous voir ou organisons un rendez vous t\u00e9l\u00e9phonique avant le mariage pour apprendre \u00e0 vous connaitre et d\u00e9couvrir votre univers mais aussi pour que vous puissiez vous faire une id\u00e9e de notre organisation de travail. <\/span><\/span><\/h2>\n<p>[\/et_pb_text][et_pb_divider color=\u00a0\u00bb#0c1239&Prime; _builder_version=\u00a0\u00bb3.14&Prime;][\/et_pb_divider][et_pb_text _builder_version=\u00a0\u00bb3.14&Prime; inline_fonts=\u00a0\u00bbArizonia\u00a0\u00bb]<\/p>\n<h2 style=\"text-align: center;\"><span style=\"font-weight: normal; color: #0c1239;\"><span style=\"font-family: Arizonia;\">Le jour du mariage nous arrivons au moment de vos pr\u00e9paratif et nous sommes pr\u00e9sent jusqu&rsquo;en d\u00e9but de soir\u00e9e dansante. Nous ne comptons, ni ne facturons pas les heures suppl\u00e9mentaires, si nous estimons qu&rsquo;il nous reste de beaux moments \u00e0 enregistrer nous resterons plus longtemps, apr\u00e8s tout vous n&rsquo;avez pas compt\u00e9 vos heures pour organiser votre mariage !<br \/>\n<\/span><\/span><\/h2>\n<p>[\/et_pb_text][et_pb_divider color=\u00a0\u00bb#0c1239&Prime; _builder_version=\u00a0\u00bb3.14&Prime;][\/et_pb_divider][\/et_pb_column][\/et_pb_row][\/et_pb_section][et_pb_section fb_built=\u00a0\u00bb1&Prime; _builder_version=\u00a0\u00bb3.14&Prime;][et_pb_row _builder_version=\u00a0\u00bb3.14&Prime;][et_pb_column type=\u00a0\u00bb4_4&Prime; _builder_version=\u00a0\u00bb3.14&Prime; parallax=\u00a0\u00bboff\u00a0\u00bb parallax_method=\u00a0\u00bbon\u00a0\u00bb][et_pb_pricing_tables header_background_color=\u00a0\u00bb#0c1239&Prime; show_bullet=\u00a0\u00bboff\u00a0\u00bb _builder_version=\u00a0\u00bb3.14&Prime; header_level=\u00a0\u00bbh1&Prime; header_font=\u00a0\u00bbAllura||||||||\u00a0\u00bb header_text_color=\u00a0\u00bb#ffffff\u00a0\u00bb body_font=\u00a0\u00bbAllura||||||||\u00a0\u00bb body_font_size=\u00a0\u00bb32px\u00a0\u00bb body_line_height=\u00a0\u00bb23px\u00a0\u00bb subheader_font=\u00a0\u00bbArizonia||||||||\u00a0\u00bb subheader_text_color=\u00a0\u00bb#ffffff\u00a0\u00bb currency_frequency_font=\u00a0\u00bbArizonia||||||||\u00a0\u00bb currency_frequency_text_color=\u00a0\u00bb#0c1239&Prime; currency_frequency_font_size=\u00a0\u00bb44px\u00a0\u00bb currency_frequency_line_height=\u00a0\u00bb1.2em\u00a0\u00bb price_font=\u00a0\u00bbAllura||||||||\u00a0\u00bb price_text_align=\u00a0\u00bbcenter\u00a0\u00bb price_text_color=\u00a0\u00bb#0c1239&Prime; border_color_all=\u00a0\u00bb#0c1239&Prime; custom_margin=\u00a0\u00bb|||\u00a0\u00bb][et_pb_pricing_table title=\u00a0\u00bbPlatine\u00a0\u00bb currency=\u00a0\u00bb\u20ac\u00a0\u00bb sum=\u00a0\u00bb2200&Prime; _builder_version=\u00a0\u00bb3.14&Prime; body_text_color=\u00a0\u00bb#0c1239&Prime;]Film de 15 \u00e0 30 minutes<br \/>\nDiffusion internet et t\u00e9l\u00e9chargement<\/p>\n<p>Survol en drone (hors agglom\u00e9ration)<\/p>\n<p>4 coffrets USB<\/p>\n<p>Livraison en 2 mois<br \/>\n[\/et_pb_pricing_table][\/et_pb_pricing_tables][\/et_pb_column][\/et_pb_row][\/et_pb_section]<\/p>\n","protected":false},"excerpt":{"rendered":"<p>[et_pb_section fb_built=\u00a0\u00bb1&Prime; _builder_version=\u00a0\u00bb3.14&Prime;][et_pb_row _builder_version=\u00a0\u00bb3.14&Prime;][et_pb_column type=\u00a0\u00bb4_4&Prime; _builder_version=\u00a0\u00bb3.14&Prime; parallax=\u00a0\u00bboff\u00a0\u00bb parallax_method=\u00a0\u00bbon\u00a0\u00bb][et_pb_text _builder_version=\u00a0\u00bb3.14&Prime; text_font=\u00a0\u00bbArizonia||||||||\u00a0\u00bb text_text_color=\u00a0\u00bb#0c1239&Prime; text_font_size=\u00a0\u00bb100px\u00a0\u00bb text_text_shadow_style=\u00a0\u00bbpreset3&Prime; text_orientation=\u00a0\u00bbcenter\u00a0\u00bb] Nos Tarifs [\/et_pb_text][\/et_pb_column][\/et_pb_row][\/et_pb_section][et_pb_section fb_built=\u00a0\u00bb1&Prime; _builder_version=\u00a0\u00bb3.14&Prime; background_color=\u00a0\u00bb#eaeaea\u00a0\u00bb][et_pb_row _builder_version=\u00a0\u00bb3.14&Prime;][et_pb_column type=\u00a0\u00bb4_4&Prime; _builder_version=\u00a0\u00bb3.14&Prime; parallax=\u00a0\u00bboff\u00a0\u00bb parallax_method=\u00a0\u00bbon\u00a0\u00bb][et_pb_text _builder_version=\u00a0\u00bb3.14&Prime; inline_fonts=\u00a0\u00bbArizonia\u00a0\u00bb] Il est vrai qu&rsquo;un mariage est souvent une grosse d\u00e9pense, c&rsquo;est pour cela que nous proposons plusieurs prestations. Les tarifs sont diff\u00e9rents mais la base est la m\u00eame, [&hellip;]<\/p>\n","protected":false},"author":1,"featured_media":0,"parent":0,"menu_order":0,"comment_status":"closed","ping_status":"closed","template":"","meta":{"_et_pb_use_builder":"on","_et_pb_old_content":"","_et_gb_content_width":"","footnotes":""},"class_list":["post-29077","page","type-page","status-publish","hentry"],"_links":{"self":[{"href":"https:\/\/flgstudionum.com\/index.php\/wp-json\/wp\/v2\/pages\/29077"}],"collection":[{"href":"https:\/\/flgstudionum.com\/index.php\/wp-json\/wp\/v2\/pages"}],"about":[{"href":"https:\/\/flgstudionum.com\/index.php\/wp-json\/wp\/v2\/types\/page"}],"author":[{"embeddable":true,"href":"https:\/\/flgstudionum.com\/index.php\/wp-json\/wp\/v2\/users\/1"}],"replies":[{"embeddable":true,"href":"https:\/\/flgstudionum.com\/index.php\/wp-json\/wp\/v2\/comments?post=29077"}],"version-history":[{"count":11,"href":"https:\/\/flgstudionum.com\/index.php\/wp-json\/wp\/v2\/pages\/29077\/revisions"}],"predecessor-version":[{"id":29111,"href":"https:\/\/flgstudionum.com\/index.php\/wp-json\/wp\/v2\/pages\/29077\/revisions\/29111"}],"wp:attachment":[{"href":"https:\/\/flgstudionum.com\/index.php\/wp-json\/wp\/v2\/media?parent=29077"}],"curies":[{"name":"wp","href":"https:\/\/api.w.org\/{rel}","templated":true}]}}